{"id":356,"date":"2020-02-28T13:47:21","date_gmt":"2020-02-28T12:47:21","guid":{"rendered":"https:\/\/girotondo.scolanovabremen.de\/?page_id=356"},"modified":"2020-04-20T10:13:10","modified_gmt":"2020-04-20T08:13:10","slug":"giornata-tipo","status":"publish","type":"page","link":"https:\/\/girotondo.scolanovabremen.de\/it\/struttura\/giornata-tipo\/","title":{"rendered":"La nostra giornata tipo"},"content":{"rendered":"\n<h2 class=\"wp-block-heading\">Giornata tipo del nido<\/h2>\n\n\n\n<p><strong>Mattino&nbsp;<\/strong><\/p>\n\n\n\n<p><strong>8.00-9.15:<\/strong> Accoglienza\/gioco libero<\/p>\n\n\n\n<p><strong>9.15:<\/strong> Nel cerchio del mattino si canta e ci si saluta. I bambini vengono contati, si guarda chi \u00e8 presente e chi manca e si dice che cosa verr\u00e0 fatto durante la giornata.<\/p>\n\n\n\n<p><strong>9.30:<\/strong> Colazione e pulizia dei denti. &nbsp; &nbsp;<\/p>\n\n\n\n<p><strong>10.00:<\/strong> Attivit\u00e0 varie (ginnastica, gioco all\u2019aperto, musica, disegno, attivit\u00e0 creative, progetti e naturalmente molto gioco libero)<\/p>\n\n\n\n<p><strong>Pranzo e pomeriggio<\/strong><\/p>\n\n\n\n<p><strong>12.00:<\/strong> Pranzo<\/p>\n\n\n\n<p><strong>12.45:<\/strong> Riposo pomeridiano oppure tempo dedicato ad attivit\u00e0 tranquille per i bambini che non hanno pi\u00f9 bisogno del riposo &nbsp;<\/p>\n\n\n\n<p><strong>Dalle 14.30:<\/strong> Merenda e attivit\u00e0 pomeridiane fino alle 16.00 (progetti, gioco all\u2019aperto, gioco libero, disegno e attivit\u00e0 creative \u2026)<\/p>\n\n\n\n<p><strong>16.00:<\/strong> Uscita dei bambini<\/p>\n\n\n\n<h2 class=\"wp-block-heading\">Giornata tipo della scuola d\u2019infanzia<\/h2>\n\n\n\n<p><strong>Mattino&nbsp;<\/strong><\/p>\n\n\n\n<p><strong>8.00-9.00:<\/strong> Accoglienza\/gioco libero<\/p>\n\n\n\n<p><strong>9.00:<\/strong> Nel cerchio del mattino si canta e ci si saluta. I bambini vengono contati, si guarda chi \u00e8 presente e chi manca e si dice che cosa verr\u00e0 fatto durante la giornata.<\/p>\n\n\n\n<p><strong>9.30:<\/strong> Colazione e pulizia dei denti.&nbsp;<\/p>\n\n\n\n<p><strong>Dalle 10.00:<\/strong> Attivit\u00e0 varie (gioco libero, gioco all\u2019aperto, scienza, progetti, ginnastica, disegno e attivit\u00e0 creative)&nbsp;<\/p>\n\n\n\n<p><strong>Pranzo e pomeriggio<\/strong><\/p>\n\n\n\n<p><strong>12.30:<\/strong> Pranzo<\/p>\n\n\n\n<p><strong>13.00:<\/strong> Riposo (Silenzio, ascolto di storie o gioco silenzioso, disegno o attivit\u00e0 creative, alcuni bambini dormono)<\/p>\n\n\n\n<p><strong>Dalle 14.00\/14.30:<\/strong> Merenda e attivit\u00e0 pomeridiane fino alle 16.00 (gioco all\u2019aperto, arte,&nbsp; gioco libero, progetti, attivit\u00e0 di movimento, musica\u2026)<\/p>\n\n\n\n<p><strong>16.00:<\/strong> Uscita dei bambini<\/p>\n","protected":false},"excerpt":{"rendered":"<p>Giornata tipo del nido Mattino&nbsp; 8.00-9.15: Accoglienza\/gioco libero 9.15: Nel cerchio del mattino si canta e ci si saluta. I bambini vengono contati, si guarda chi \u00e8 presente e chi manca e si dice che cosa verr\u00e0 fatto durante la giornata. 9.30: Colazione e pulizia dei denti. &nbsp; &nbsp; 10.00: Attivit\u00e0 varie (ginnastica, gioco all\u2019aperto, [&hellip;]<\/p>\n","protected":false},"author":1,"featured_media":0,"parent":345,"menu_order":2,"comment_status":"closed","ping_status":"closed","template":"","meta":{"_acf_changed":false,"footnotes":""},"class_list":["post-356","page","type-page","status-publish","hentry"],"acf":[],"yoast_head":"<!-- This site is optimized with the Yoast SEO plugin v27.4 - https:\/\/yoast.com\/product\/yoast-seo-wordpress\/ -->\n<title>La nostra giornata tipo &#8902; Kita Girotondo<\/title>\n<meta name=\"robots\" content=\"index, follow, max-snippet:-1, max-image-preview:large, max-video-preview:-1\" \/>\n<link rel=\"canonical\" href=\"https:\/\/girotondo.scolanovabremen.de\/it\/struttura\/giornata-tipo\/\" \/>\n<meta property=\"og:locale\" content=\"it_IT\" \/>\n<meta property=\"og:type\" content=\"article\" \/>\n<meta property=\"og:title\" content=\"La nostra giornata tipo &#8902; Kita Girotondo\" \/>\n<meta property=\"og:description\" content=\"Giornata tipo del nido Mattino&nbsp; 8.00-9.15: Accoglienza\/gioco libero 9.15: Nel cerchio del mattino si canta e ci si saluta. I bambini vengono contati, si guarda chi \u00e8 presente e chi manca e si dice che cosa verr\u00e0 fatto durante la giornata. 9.30: Colazione e pulizia dei denti. &nbsp; &nbsp; 10.00: Attivit\u00e0 varie (ginnastica, gioco all\u2019aperto, [&hellip;]\" \/>\n<meta property=\"og:url\" content=\"https:\/\/girotondo.scolanovabremen.de\/it\/struttura\/giornata-tipo\/\" \/>\n<meta property=\"og:site_name\" content=\"Kita Girotondo\" \/>\n<meta property=\"article:publisher\" content=\"https:\/\/www.facebook.com\/girotondobremen\" \/>\n<meta property=\"article:modified_time\" content=\"2020-04-20T08:13:10+00:00\" \/>\n<meta name=\"twitter:card\" content=\"summary_large_image\" \/>\n<meta name=\"twitter:label1\" content=\"Est. reading time\" \/>\n\t<meta name=\"twitter:data1\" content=\"1 minute\" \/>\n<script type=\"application\/ld+json\" class=\"yoast-schema-graph\">{\"@context\":\"https:\\\/\\\/schema.org\",\"@graph\":[{\"@type\":\"WebPage\",\"@id\":\"https:\\\/\\\/girotondo.scolanovabremen.de\\\/it\\\/struttura\\\/giornata-tipo\\\/\",\"url\":\"https:\\\/\\\/girotondo.scolanovabremen.de\\\/it\\\/struttura\\\/giornata-tipo\\\/\",\"name\":\"La nostra giornata tipo &#8902; Kita Girotondo\",\"isPartOf\":{\"@id\":\"https:\\\/\\\/girotondo.scolanovabremen.de\\\/#website\"},\"datePublished\":\"2020-02-28T12:47:21+00:00\",\"dateModified\":\"2020-04-20T08:13:10+00:00\",\"breadcrumb\":{\"@id\":\"https:\\\/\\\/girotondo.scolanovabremen.de\\\/it\\\/struttura\\\/giornata-tipo\\\/#breadcrumb\"},\"inLanguage\":\"it-IT\",\"potentialAction\":[{\"@type\":\"ReadAction\",\"target\":[\"https:\\\/\\\/girotondo.scolanovabremen.de\\\/it\\\/struttura\\\/giornata-tipo\\\/\"]}]},{\"@type\":\"BreadcrumbList\",\"@id\":\"https:\\\/\\\/girotondo.scolanovabremen.de\\\/it\\\/struttura\\\/giornata-tipo\\\/#breadcrumb\",\"itemListElement\":[{\"@type\":\"ListItem\",\"position\":1,\"name\":\"Startseite\",\"item\":\"https:\\\/\\\/girotondo.scolanovabremen.de\\\/it\\\/\"},{\"@type\":\"ListItem\",\"position\":2,\"name\":\"Struttura\",\"item\":\"https:\\\/\\\/girotondo.scolanovabremen.de\\\/it\\\/\"},{\"@type\":\"ListItem\",\"position\":3,\"name\":\"La nostra giornata tipo\"}]},{\"@type\":\"WebSite\",\"@id\":\"https:\\\/\\\/girotondo.scolanovabremen.de\\\/#website\",\"url\":\"https:\\\/\\\/girotondo.scolanovabremen.de\\\/\",\"name\":\"Kita Girotondo\",\"description\":\"Eine Kita der ScolaNova\",\"potentialAction\":[{\"@type\":\"SearchAction\",\"target\":{\"@type\":\"EntryPoint\",\"urlTemplate\":\"https:\\\/\\\/girotondo.scolanovabremen.de\\\/?s={search_term_string}\"},\"query-input\":{\"@type\":\"PropertyValueSpecification\",\"valueRequired\":true,\"valueName\":\"search_term_string\"}}],\"inLanguage\":\"it-IT\"}]}<\/script>\n<!-- \/ Yoast SEO plugin. -->","yoast_head_json":{"title":"La nostra giornata tipo &#8902; Kita Girotondo","robots":{"index":"index","follow":"follow","max-snippet":"max-snippet:-1","max-image-preview":"max-image-preview:large","max-video-preview":"max-video-preview:-1"},"canonical":"https:\/\/girotondo.scolanovabremen.de\/it\/struttura\/giornata-tipo\/","og_locale":"it_IT","og_type":"article","og_title":"La nostra giornata tipo &#8902; Kita Girotondo","og_description":"Giornata tipo del nido Mattino&nbsp; 8.00-9.15: Accoglienza\/gioco libero 9.15: Nel cerchio del mattino si canta e ci si saluta. I bambini vengono contati, si guarda chi \u00e8 presente e chi manca e si dice che cosa verr\u00e0 fatto durante la giornata. 9.30: Colazione e pulizia dei denti. &nbsp; &nbsp; 10.00: Attivit\u00e0 varie (ginnastica, gioco all\u2019aperto, [&hellip;]","og_url":"https:\/\/girotondo.scolanovabremen.de\/it\/struttura\/giornata-tipo\/","og_site_name":"Kita Girotondo","article_publisher":"https:\/\/www.facebook.com\/girotondobremen","article_modified_time":"2020-04-20T08:13:10+00:00","twitter_card":"summary_large_image","twitter_misc":{"Est. reading time":"1 minute"},"schema":{"@context":"https:\/\/schema.org","@graph":[{"@type":"WebPage","@id":"https:\/\/girotondo.scolanovabremen.de\/it\/struttura\/giornata-tipo\/","url":"https:\/\/girotondo.scolanovabremen.de\/it\/struttura\/giornata-tipo\/","name":"La nostra giornata tipo &#8902; Kita Girotondo","isPartOf":{"@id":"https:\/\/girotondo.scolanovabremen.de\/#website"},"datePublished":"2020-02-28T12:47:21+00:00","dateModified":"2020-04-20T08:13:10+00:00","breadcrumb":{"@id":"https:\/\/girotondo.scolanovabremen.de\/it\/struttura\/giornata-tipo\/#breadcrumb"},"inLanguage":"it-IT","potentialAction":[{"@type":"ReadAction","target":["https:\/\/girotondo.scolanovabremen.de\/it\/struttura\/giornata-tipo\/"]}]},{"@type":"BreadcrumbList","@id":"https:\/\/girotondo.scolanovabremen.de\/it\/struttura\/giornata-tipo\/#breadcrumb","itemListElement":[{"@type":"ListItem","position":1,"name":"Startseite","item":"https:\/\/girotondo.scolanovabremen.de\/it\/"},{"@type":"ListItem","position":2,"name":"Struttura","item":"https:\/\/girotondo.scolanovabremen.de\/it\/"},{"@type":"ListItem","position":3,"name":"La nostra giornata tipo"}]},{"@type":"WebSite","@id":"https:\/\/girotondo.scolanovabremen.de\/#website","url":"https:\/\/girotondo.scolanovabremen.de\/","name":"Kita Girotondo","description":"Eine Kita der ScolaNova","potentialAction":[{"@type":"SearchAction","target":{"@type":"EntryPoint","urlTemplate":"https:\/\/girotondo.scolanovabremen.de\/?s={search_term_string}"},"query-input":{"@type":"PropertyValueSpecification","valueRequired":true,"valueName":"search_term_string"}}],"inLanguage":"it-IT"}]}},"_links":{"self":[{"href":"https:\/\/girotondo.scolanovabremen.de\/it\/wp-json\/wp\/v2\/pages\/356","targetHints":{"allow":["GET"]}}],"collection":[{"href":"https:\/\/girotondo.scolanovabremen.de\/it\/wp-json\/wp\/v2\/pages"}],"about":[{"href":"https:\/\/girotondo.scolanovabremen.de\/it\/wp-json\/wp\/v2\/types\/page"}],"author":[{"embeddable":true,"href":"https:\/\/girotondo.scolanovabremen.de\/it\/wp-json\/wp\/v2\/users\/1"}],"replies":[{"embeddable":true,"href":"https:\/\/girotondo.scolanovabremen.de\/it\/wp-json\/wp\/v2\/comments?post=356"}],"version-history":[{"count":2,"href":"https:\/\/girotondo.scolanovabremen.de\/it\/wp-json\/wp\/v2\/pages\/356\/revisions"}],"predecessor-version":[{"id":535,"href":"https:\/\/girotondo.scolanovabremen.de\/it\/wp-json\/wp\/v2\/pages\/356\/revisions\/535"}],"up":[{"embeddable":true,"href":"https:\/\/girotondo.scolanovabremen.de\/it\/wp-json\/wp\/v2\/pages\/345"}],"wp:attachment":[{"href":"https:\/\/girotondo.scolanovabremen.de\/it\/wp-json\/wp\/v2\/media?parent=356"}],"curies":[{"name":"wp","href":"https:\/\/api.w.org\/{rel}","templated":true}]}}