{"id":359,"date":"2020-02-28T13:54:01","date_gmt":"2020-02-28T12:54:01","guid":{"rendered":"https:\/\/girotondo.scolanovabremen.de\/?page_id=359"},"modified":"2020-04-20T10:16:43","modified_gmt":"2020-04-20T08:16:43","slug":"spazi","status":"publish","type":"page","link":"https:\/\/girotondo.scolanovabremen.de\/it\/struttura\/spazi\/","title":{"rendered":"Spazi"},"content":{"rendered":"\n<p>Ci siamo trasferiti in questa struttura nel 2011. Su due piani ci sono tre sale per i gruppi, diversi servizi igienici, una stanza con fasciatoio e bagno, una stanza in cui bambini del nido dormono, la cucina, un bagno per i bambini della scuola d\u2019infanzia, la direzione e la sala riunioni. In un altro edificio si trovano l&#8217;area esterna coperta e una palestra con un altro servizio igienico.<\/p>\n\n\n\n<h2 class=\"wp-block-heading\">Piano terra e nido<\/h2>\n\n\n\n<p>Il gruppo del nido si trova al piano terra. In esso ci sono delle grandi vetrate da cui i bambini possono osservare cosa accade fuori. Inoltre c\u2019\u00e8 una portafinestra che d\u00e0 direttamente all\u2019esterno. La stanza ed i suoi mobili si adattano in maniera ottimale alle esigenze dei pi\u00f9 piccoli. Subito accanto \u00e8 situata la stanza in cui i bambini del nido dormono. Sullo stesso piano c\u2019\u00e8 la stanza con il fasciatoio, due piccoli lavandini e un piccolo bagno.<\/p>\n\n\n\n<p>Anche la cucina si trova al pianterreno.<\/p>\n\n\n\n<h2 class=\"wp-block-heading\">Primo piano e scuola d\u2019infanzia<\/h2>\n\n\n\n<p>Al primo piano si trovano i due gruppi della scuola d\u2019infanzia. Entrambi sono luminosi e accoglienti, con finestre grandi che danno, rispettivamente, sul cortile interno e sul verde. I due gruppi sono suddivisi in un\u2019area riposo, un\u2019area pasti adattabile ad area creativa\/disegno, un angolo per le costruzioni ed uno tranquillo e comodo per la lettura. A seconda dei bisogni e dei desideri dei bambini ci sono inoltre l\u2019area del gioco simbolico con bambole, una piccola cucina e\/o un banco da lavoro.<\/p>\n\n\n\n<p>Tra le due stanze dei gruppi si trova il bagno con lavandini, servizi igienici e un fasciatoio. Al primo piano si trova inoltre la sala riunioni e l\u2019ufficio della direzione.<\/p>\n\n\n\n<h2 class=\"wp-block-heading\">Stanza del movimento (palestrina)<\/h2>\n\n\n\n<p>Dall\u2019edificio principale, attraverso un passaggio coperto, si raggiunge la stanza del movimento. Essa \u00e8 fornita di materassini, attrezzi ginnici (trave, scala, ecc.) e una spalliera. Inoltre ci sono una molteplicit\u00e0 di anelli, foulard, cerchi per l\u2019 hula-hoop ecc. Adiacente alla stanza del movimento si trova l\u2019area esterna coperta, con un\u2019altalena a nido e una piccola parete da arrampicata. L\u00ec si possono usare biciclette senza pedali e monopattini. Una parte separata della zona esterna coperta \u00e8 dedicata alle attivit\u00e0 di scienze.\u00a0<\/p>\n\n\n\n<figure class=\"wp-block-image size-large\"><img loading=\"lazy\" decoding=\"async\" width=\"1024\" height=\"683\" src=\"https:\/\/girotondo.scolanovabremen.de\/wp-content\/uploads\/sites\/2\/2020\/04\/IMG_0042-1024x683.jpg\" alt=\"Der Forscherraum\" class=\"wp-image-505\" srcset=\"https:\/\/girotondo.scolanovabremen.de\/wp-content\/uploads\/sites\/2\/2020\/04\/IMG_0042-1024x683.jpg 1024w, https:\/\/girotondo.scolanovabremen.de\/wp-content\/uploads\/sites\/2\/2020\/04\/IMG_0042-300x200.jpg 300w, https:\/\/girotondo.scolanovabremen.de\/wp-content\/uploads\/sites\/2\/2020\/04\/IMG_0042-768x512.jpg 768w, https:\/\/girotondo.scolanovabremen.de\/wp-content\/uploads\/sites\/2\/2020\/04\/IMG_0042.jpg 1200w\" sizes=\"auto, (max-width: 1024px) 100vw, 1024px\" \/><figcaption>Der Forscherraum<\/figcaption><\/figure>\n\n\n\n<h2 class=\"wp-block-heading\">Cucina<\/h2>\n\n\n\n<p>La nostra cucina \u00e8 moderna e ha tutto il necessario per la preparazione di pasti sani ed equilibrati. Qui vengono anche conservati i cibi per la \u201ccolazione dei desideri\u201d nonch\u00e9 latte, t\u00e8 e frutta.<\/p>\n","protected":false},"excerpt":{"rendered":"<p>Ci siamo trasferiti in questa struttura nel 2011. Su due piani ci sono tre sale per i gruppi, diversi servizi igienici, una stanza con fasciatoio e bagno, una stanza in cui bambini del nido dormono, la cucina, un bagno per i bambini della scuola d\u2019infanzia, la direzione e la sala riunioni. In un altro edificio [&hellip;]<\/p>\n","protected":false},"author":1,"featured_media":0,"parent":345,"menu_order":3,"comment_status":"closed","ping_status":"closed","template":"","meta":{"_acf_changed":false,"footnotes":""},"class_list":["post-359","page","type-page","status-publish","hentry"],"acf":[],"yoast_head":"<!-- This site is optimized with the Yoast SEO plugin v26.7 - https:\/\/yoast.com\/wordpress\/plugins\/seo\/ -->\n<title>Spazi &#8902; Kita Girotondo<\/title>\n<meta name=\"robots\" content=\"index, follow, max-snippet:-1, max-image-preview:large, max-video-preview:-1\" \/>\n<link rel=\"canonical\" href=\"https:\/\/girotondo.scolanovabremen.de\/it\/struttura\/spazi\/\" \/>\n<meta property=\"og:locale\" content=\"it_IT\" \/>\n<meta property=\"og:type\" content=\"article\" \/>\n<meta property=\"og:title\" content=\"Spazi &#8902; Kita Girotondo\" \/>\n<meta property=\"og:description\" content=\"Ci siamo trasferiti in questa struttura nel 2011. Su due piani ci sono tre sale per i gruppi, diversi servizi igienici, una stanza con fasciatoio e bagno, una stanza in cui bambini del nido dormono, la cucina, un bagno per i bambini della scuola d\u2019infanzia, la direzione e la sala riunioni. In un altro edificio [&hellip;]\" \/>\n<meta property=\"og:url\" content=\"https:\/\/girotondo.scolanovabremen.de\/it\/struttura\/spazi\/\" \/>\n<meta property=\"og:site_name\" content=\"Kita Girotondo\" \/>\n<meta property=\"article:publisher\" content=\"https:\/\/www.facebook.com\/girotondobremen\" \/>\n<meta property=\"article:modified_time\" content=\"2020-04-20T08:16:43+00:00\" \/>\n<meta property=\"og:image\" content=\"https:\/\/girotondo.scolanovabremen.de\/wp-content\/uploads\/sites\/2\/2020\/04\/IMG_0042-1024x683.jpg\" \/>\n<meta name=\"twitter:card\" content=\"summary_large_image\" \/>\n<meta name=\"twitter:label1\" content=\"Est. reading time\" \/>\n\t<meta name=\"twitter:data1\" content=\"2 minutes\" \/>\n<script type=\"application\/ld+json\" class=\"yoast-schema-graph\">{\"@context\":\"https:\/\/schema.org\",\"@graph\":[{\"@type\":\"WebPage\",\"@id\":\"https:\/\/girotondo.scolanovabremen.de\/it\/struttura\/spazi\/\",\"url\":\"https:\/\/girotondo.scolanovabremen.de\/it\/struttura\/spazi\/\",\"name\":\"Spazi &#8902; Kita Girotondo\",\"isPartOf\":{\"@id\":\"https:\/\/girotondo.scolanovabremen.de\/#website\"},\"primaryImageOfPage\":{\"@id\":\"https:\/\/girotondo.scolanovabremen.de\/it\/struttura\/spazi\/#primaryimage\"},\"image\":{\"@id\":\"https:\/\/girotondo.scolanovabremen.de\/it\/struttura\/spazi\/#primaryimage\"},\"thumbnailUrl\":\"https:\/\/girotondo.scolanovabremen.de\/wp-content\/uploads\/sites\/2\/2020\/04\/IMG_0042-1024x683.jpg\",\"datePublished\":\"2020-02-28T12:54:01+00:00\",\"dateModified\":\"2020-04-20T08:16:43+00:00\",\"breadcrumb\":{\"@id\":\"https:\/\/girotondo.scolanovabremen.de\/it\/struttura\/spazi\/#breadcrumb\"},\"inLanguage\":\"it-IT\",\"potentialAction\":[{\"@type\":\"ReadAction\",\"target\":[\"https:\/\/girotondo.scolanovabremen.de\/it\/struttura\/spazi\/\"]}]},{\"@type\":\"ImageObject\",\"inLanguage\":\"it-IT\",\"@id\":\"https:\/\/girotondo.scolanovabremen.de\/it\/struttura\/spazi\/#primaryimage\",\"url\":\"https:\/\/girotondo.scolanovabremen.de\/wp-content\/uploads\/sites\/2\/2020\/04\/IMG_0042-1024x683.jpg\",\"contentUrl\":\"https:\/\/girotondo.scolanovabremen.de\/wp-content\/uploads\/sites\/2\/2020\/04\/IMG_0042-1024x683.jpg\"},{\"@type\":\"BreadcrumbList\",\"@id\":\"https:\/\/girotondo.scolanovabremen.de\/it\/struttura\/spazi\/#breadcrumb\",\"itemListElement\":[{\"@type\":\"ListItem\",\"position\":1,\"name\":\"Startseite\",\"item\":\"https:\/\/girotondo.scolanovabremen.de\/it\/\"},{\"@type\":\"ListItem\",\"position\":2,\"name\":\"Struttura\",\"item\":\"https:\/\/girotondo.scolanovabremen.de\/it\/\"},{\"@type\":\"ListItem\",\"position\":3,\"name\":\"Spazi\"}]},{\"@type\":\"WebSite\",\"@id\":\"https:\/\/girotondo.scolanovabremen.de\/#website\",\"url\":\"https:\/\/girotondo.scolanovabremen.de\/\",\"name\":\"Kita Girotondo\",\"description\":\"Eine Kita der ScolaNova\",\"potentialAction\":[{\"@type\":\"SearchAction\",\"target\":{\"@type\":\"EntryPoint\",\"urlTemplate\":\"https:\/\/girotondo.scolanovabremen.de\/?s={search_term_string}\"},\"query-input\":{\"@type\":\"PropertyValueSpecification\",\"valueRequired\":true,\"valueName\":\"search_term_string\"}}],\"inLanguage\":\"it-IT\"}]}<\/script>\n<!-- \/ Yoast SEO plugin. -->","yoast_head_json":{"title":"Spazi &#8902; Kita Girotondo","robots":{"index":"index","follow":"follow","max-snippet":"max-snippet:-1","max-image-preview":"max-image-preview:large","max-video-preview":"max-video-preview:-1"},"canonical":"https:\/\/girotondo.scolanovabremen.de\/it\/struttura\/spazi\/","og_locale":"it_IT","og_type":"article","og_title":"Spazi &#8902; Kita Girotondo","og_description":"Ci siamo trasferiti in questa struttura nel 2011. Su due piani ci sono tre sale per i gruppi, diversi servizi igienici, una stanza con fasciatoio e bagno, una stanza in cui bambini del nido dormono, la cucina, un bagno per i bambini della scuola d\u2019infanzia, la direzione e la sala riunioni. In un altro edificio [&hellip;]","og_url":"https:\/\/girotondo.scolanovabremen.de\/it\/struttura\/spazi\/","og_site_name":"Kita Girotondo","article_publisher":"https:\/\/www.facebook.com\/girotondobremen","article_modified_time":"2020-04-20T08:16:43+00:00","og_image":[{"url":"https:\/\/girotondo.scolanovabremen.de\/wp-content\/uploads\/sites\/2\/2020\/04\/IMG_0042-1024x683.jpg","type":"","width":"","height":""}],"twitter_card":"summary_large_image","twitter_misc":{"Est. reading time":"2 minutes"},"schema":{"@context":"https:\/\/schema.org","@graph":[{"@type":"WebPage","@id":"https:\/\/girotondo.scolanovabremen.de\/it\/struttura\/spazi\/","url":"https:\/\/girotondo.scolanovabremen.de\/it\/struttura\/spazi\/","name":"Spazi &#8902; Kita Girotondo","isPartOf":{"@id":"https:\/\/girotondo.scolanovabremen.de\/#website"},"primaryImageOfPage":{"@id":"https:\/\/girotondo.scolanovabremen.de\/it\/struttura\/spazi\/#primaryimage"},"image":{"@id":"https:\/\/girotondo.scolanovabremen.de\/it\/struttura\/spazi\/#primaryimage"},"thumbnailUrl":"https:\/\/girotondo.scolanovabremen.de\/wp-content\/uploads\/sites\/2\/2020\/04\/IMG_0042-1024x683.jpg","datePublished":"2020-02-28T12:54:01+00:00","dateModified":"2020-04-20T08:16:43+00:00","breadcrumb":{"@id":"https:\/\/girotondo.scolanovabremen.de\/it\/struttura\/spazi\/#breadcrumb"},"inLanguage":"it-IT","potentialAction":[{"@type":"ReadAction","target":["https:\/\/girotondo.scolanovabremen.de\/it\/struttura\/spazi\/"]}]},{"@type":"ImageObject","inLanguage":"it-IT","@id":"https:\/\/girotondo.scolanovabremen.de\/it\/struttura\/spazi\/#primaryimage","url":"https:\/\/girotondo.scolanovabremen.de\/wp-content\/uploads\/sites\/2\/2020\/04\/IMG_0042-1024x683.jpg","contentUrl":"https:\/\/girotondo.scolanovabremen.de\/wp-content\/uploads\/sites\/2\/2020\/04\/IMG_0042-1024x683.jpg"},{"@type":"BreadcrumbList","@id":"https:\/\/girotondo.scolanovabremen.de\/it\/struttura\/spazi\/#breadcrumb","itemListElement":[{"@type":"ListItem","position":1,"name":"Startseite","item":"https:\/\/girotondo.scolanovabremen.de\/it\/"},{"@type":"ListItem","position":2,"name":"Struttura","item":"https:\/\/girotondo.scolanovabremen.de\/it\/"},{"@type":"ListItem","position":3,"name":"Spazi"}]},{"@type":"WebSite","@id":"https:\/\/girotondo.scolanovabremen.de\/#website","url":"https:\/\/girotondo.scolanovabremen.de\/","name":"Kita Girotondo","description":"Eine Kita der ScolaNova","potentialAction":[{"@type":"SearchAction","target":{"@type":"EntryPoint","urlTemplate":"https:\/\/girotondo.scolanovabremen.de\/?s={search_term_string}"},"query-input":{"@type":"PropertyValueSpecification","valueRequired":true,"valueName":"search_term_string"}}],"inLanguage":"it-IT"}]}},"_links":{"self":[{"href":"https:\/\/girotondo.scolanovabremen.de\/it\/wp-json\/wp\/v2\/pages\/359","targetHints":{"allow":["GET"]}}],"collection":[{"href":"https:\/\/girotondo.scolanovabremen.de\/it\/wp-json\/wp\/v2\/pages"}],"about":[{"href":"https:\/\/girotondo.scolanovabremen.de\/it\/wp-json\/wp\/v2\/types\/page"}],"author":[{"embeddable":true,"href":"https:\/\/girotondo.scolanovabremen.de\/it\/wp-json\/wp\/v2\/users\/1"}],"replies":[{"embeddable":true,"href":"https:\/\/girotondo.scolanovabremen.de\/it\/wp-json\/wp\/v2\/comments?post=359"}],"version-history":[{"count":5,"href":"https:\/\/girotondo.scolanovabremen.de\/it\/wp-json\/wp\/v2\/pages\/359\/revisions"}],"predecessor-version":[{"id":537,"href":"https:\/\/girotondo.scolanovabremen.de\/it\/wp-json\/wp\/v2\/pages\/359\/revisions\/537"}],"up":[{"embeddable":true,"href":"https:\/\/girotondo.scolanovabremen.de\/it\/wp-json\/wp\/v2\/pages\/345"}],"wp:attachment":[{"href":"https:\/\/girotondo.scolanovabremen.de\/it\/wp-json\/wp\/v2\/media?parent=359"}],"curies":[{"name":"wp","href":"https:\/\/api.w.org\/{rel}","templated":true}]}}