{"id":379,"date":"2020-02-28T14:21:43","date_gmt":"2020-02-28T13:21:43","guid":{"rendered":"https:\/\/girotondo.scolanovabremen.de\/?page_id=379"},"modified":"2022-11-10T12:44:06","modified_gmt":"2022-11-10T11:44:06","slug":"pedagogia-reggio","status":"publish","type":"page","link":"https:\/\/girotondo.scolanovabremen.de\/it\/pedagogia\/pedagogia-reggio\/","title":{"rendered":"Reggio Emilia Approach"},"content":{"rendered":"\n<h2 class=\"wp-block-heading\">Lavoriamo ispirandoci alla filosofia pedagogica di Reggio Emilia<\/h2>\n\n\n\n<p>Il nostro lavoro \u00e8 ispirato al Reggio Emilia Approach, la filosofia educativa di Reggio Emilia secondo cui i diritti dei bambini e un\u2019immagine approfondita del bambino assumono un ruolo centrale. Alla base di essa vi \u00e8 un\u2019immagine umanista dell\u2019individuo e una visione democratica della societ\u00e0.<\/p>\n\n\n\n<h2 class=\"wp-block-heading\">Per noi \u00e8 importante che i bambini costruiscano e decidano insieme la giornata al nido\/scuola d\u2019infanzia.&nbsp;<\/h2>\n\n\n\n<p>Noi guardiamo i bambini laddove si trovano in quel preciso istante del loro sviluppo e li incoraggiamo valorizzando le loro risorse. Ci\u00f2 significa che i bambini vengono visti non soltanto per ci\u00f2 che non riescono ancora a fare, ma piuttosto sono considerati persone competenti e con molte capacit\u00e0.&nbsp;<\/p>\n\n\n\n<h2 class=\"wp-block-heading\">I bambini hanno 100 linguaggi<\/h2>\n\n\n\n<p>Con ci\u00f2 si intende il fatto che i bambini possono esprimersi attraverso il gioco, le arti plastiche, le immagini, i colori, le parole, i gesti, la mimica, il movimento e molto altro ancora. Affinch\u00e9 le loro esperienze sensoriali si concretizzino per\u00f2 in una lingua, i bambini hanno bisogno di materiali, di attrezzature, di giochi di ruolo e di espressione, di teatro, di musica, di arti visive e anche di strutture simboliche. In tal modo sviluppano il pi\u00f9 possibile molte personali forme di espressione. A questo proposito, un apprendimento integrale \u00e8 inteso come l\u2019imparare con tutti i sensi, l\u2019apprendere con la mente, con l\u2019animo e con il corpo.<\/p>\n\n\n\n<h2 class=\"wp-block-heading\"><strong>Invece il cento c\u2019\u00e8<\/strong><\/h2>\n\n\n\n<div class=\"wp-block-columns is-layout-flex wp-container-core-columns-is-layout-9d6595d7 wp-block-columns-is-layout-flex\">\n<div class=\"wp-block-column is-layout-flow wp-block-column-is-layout-flow\">\n<p>Il bambino<br> \u00e8 fatto di cento.<br> Il bambino ha<br> cento lingue<br> cento mani<br> cento pensieri<br> cento modi di pensare<br> di giocare e di parlare<br> <br> cento sempre cento<br> modi di ascoltare<br> di stupire di amare<br> cento allegrie<br> per cantare e capire<br> <br> cento mondi<br> da scoprire<br> cento mondi<br> da inventare<br> cento mondi<br> da sognare.<\/p>\n\n\n\n<p>Il bambino ha<br>cento lingue<br>(e poi cento cento cento)<br>ma gliene rubano novantanove.<\/p>\n<\/div>\n\n\n\n<div class=\"wp-block-column is-layout-flow wp-block-column-is-layout-flow\">\n<p>Gli dicono:<br> di pensare senza mani<br> di fare senza testa<br> di ascoltare e di non parlare<br> di capire senza allegrie<br> di amare e di stupirsi<br> solo a Pasqua e a Natale.<br> <br> Gli dicono:<br> di scoprire il mondo che gi\u00e0 c\u2019\u00e8<br> e di cento<br> gliene rubano novantanove.<br> <br> Gli dicono:<br> che il gioco e il lavoro<br> la realt\u00e0 e la fantasia<br> la scienza e l\u2019immaginazione<br> il cielo e la terra<br> la ragione e il sogno<br> sono cose<br> che non stanno insieme.<br> <br> Gli dicono insomma<br> che il cento non c\u2019\u00e8.<br> Il bambino dice:<br> invece il cento c\u2019\u00e8.<\/p>\n<\/div>\n<\/div>\n\n\n\n<h2 class=\"wp-block-heading\">Nido e scuola dell\u2019infanzia sono parte integrante della societ\u00e0<\/h2>\n\n\n\n<p>La nostra struttura \u00e8 parte costitutiva della vita pubblica e coopera con altre istituzioni. Il legame di Girotondo con la collettivit\u00e0 e la sua apertura nei confronti dei genitori, del vicinato e degli esperti sono componenti essenziali del nostro lavoro pedagogico.<\/p>\n\n\n\n<div style=\"height:20px\" aria-hidden=\"true\" class=\"wp-block-spacer\"><\/div>\n","protected":false},"excerpt":{"rendered":"<p>Lavoriamo ispirandoci alla filosofia pedagogica di Reggio Emilia Il nostro lavoro \u00e8 ispirato al Reggio Emilia Approach, la filosofia educativa di Reggio Emilia secondo cui i diritti dei bambini e un\u2019immagine approfondita del bambino assumono un ruolo centrale. Alla base di essa vi \u00e8 un\u2019immagine umanista dell\u2019individuo e una visione democratica della societ\u00e0. Per noi [&hellip;]<\/p>\n","protected":false},"author":1,"featured_media":0,"parent":374,"menu_order":2,"comment_status":"closed","ping_status":"closed","template":"","meta":{"_acf_changed":false,"footnotes":""},"class_list":["post-379","page","type-page","status-publish","hentry"],"acf":[],"yoast_head":"<!-- This site is optimized with the Yoast SEO plugin v26.7 - https:\/\/yoast.com\/wordpress\/plugins\/seo\/ -->\n<title>Reggio Emilia Approach &#8902; Kita Girotondo<\/title>\n<meta name=\"robots\" content=\"index, follow, max-snippet:-1, max-image-preview:large, max-video-preview:-1\" \/>\n<link rel=\"canonical\" href=\"https:\/\/girotondo.scolanovabremen.de\/it\/pedagogia\/pedagogia-reggio\/\" \/>\n<meta property=\"og:locale\" content=\"it_IT\" \/>\n<meta property=\"og:type\" content=\"article\" \/>\n<meta property=\"og:title\" content=\"Reggio Emilia Approach &#8902; Kita Girotondo\" \/>\n<meta property=\"og:description\" content=\"Lavoriamo ispirandoci alla filosofia pedagogica di Reggio Emilia Il nostro lavoro \u00e8 ispirato al Reggio Emilia Approach, la filosofia educativa di Reggio Emilia secondo cui i diritti dei bambini e un\u2019immagine approfondita del bambino assumono un ruolo centrale. Alla base di essa vi \u00e8 un\u2019immagine umanista dell\u2019individuo e una visione democratica della societ\u00e0. Per noi [&hellip;]\" \/>\n<meta property=\"og:url\" content=\"https:\/\/girotondo.scolanovabremen.de\/it\/pedagogia\/pedagogia-reggio\/\" \/>\n<meta property=\"og:site_name\" content=\"Kita Girotondo\" \/>\n<meta property=\"article:publisher\" content=\"https:\/\/www.facebook.com\/girotondobremen\" \/>\n<meta property=\"article:modified_time\" content=\"2022-11-10T11:44:06+00:00\" \/>\n<meta name=\"twitter:card\" content=\"summary_large_image\" \/>\n<meta name=\"twitter:label1\" content=\"Est. reading time\" \/>\n\t<meta name=\"twitter:data1\" content=\"3 minutes\" \/>\n<script type=\"application\/ld+json\" class=\"yoast-schema-graph\">{\"@context\":\"https:\/\/schema.org\",\"@graph\":[{\"@type\":\"WebPage\",\"@id\":\"https:\/\/girotondo.scolanovabremen.de\/it\/pedagogia\/pedagogia-reggio\/\",\"url\":\"https:\/\/girotondo.scolanovabremen.de\/it\/pedagogia\/pedagogia-reggio\/\",\"name\":\"Reggio Emilia Approach &#8902; Kita Girotondo\",\"isPartOf\":{\"@id\":\"https:\/\/girotondo.scolanovabremen.de\/#website\"},\"datePublished\":\"2020-02-28T13:21:43+00:00\",\"dateModified\":\"2022-11-10T11:44:06+00:00\",\"breadcrumb\":{\"@id\":\"https:\/\/girotondo.scolanovabremen.de\/it\/pedagogia\/pedagogia-reggio\/#breadcrumb\"},\"inLanguage\":\"it-IT\",\"potentialAction\":[{\"@type\":\"ReadAction\",\"target\":[\"https:\/\/girotondo.scolanovabremen.de\/it\/pedagogia\/pedagogia-reggio\/\"]}]},{\"@type\":\"BreadcrumbList\",\"@id\":\"https:\/\/girotondo.scolanovabremen.de\/it\/pedagogia\/pedagogia-reggio\/#breadcrumb\",\"itemListElement\":[{\"@type\":\"ListItem\",\"position\":1,\"name\":\"Startseite\",\"item\":\"https:\/\/girotondo.scolanovabremen.de\/it\/\"},{\"@type\":\"ListItem\",\"position\":2,\"name\":\"Pedagogia\",\"item\":\"https:\/\/girotondo.scolanovabremen.de\/it\/pedagogia\/\"},{\"@type\":\"ListItem\",\"position\":3,\"name\":\"Reggio Emilia Approach\"}]},{\"@type\":\"WebSite\",\"@id\":\"https:\/\/girotondo.scolanovabremen.de\/#website\",\"url\":\"https:\/\/girotondo.scolanovabremen.de\/\",\"name\":\"Kita Girotondo\",\"description\":\"Eine Kita der ScolaNova\",\"potentialAction\":[{\"@type\":\"SearchAction\",\"target\":{\"@type\":\"EntryPoint\",\"urlTemplate\":\"https:\/\/girotondo.scolanovabremen.de\/?s={search_term_string}\"},\"query-input\":{\"@type\":\"PropertyValueSpecification\",\"valueRequired\":true,\"valueName\":\"search_term_string\"}}],\"inLanguage\":\"it-IT\"}]}<\/script>\n<!-- \/ Yoast SEO plugin. -->","yoast_head_json":{"title":"Reggio Emilia Approach &#8902; Kita Girotondo","robots":{"index":"index","follow":"follow","max-snippet":"max-snippet:-1","max-image-preview":"max-image-preview:large","max-video-preview":"max-video-preview:-1"},"canonical":"https:\/\/girotondo.scolanovabremen.de\/it\/pedagogia\/pedagogia-reggio\/","og_locale":"it_IT","og_type":"article","og_title":"Reggio Emilia Approach &#8902; Kita Girotondo","og_description":"Lavoriamo ispirandoci alla filosofia pedagogica di Reggio Emilia Il nostro lavoro \u00e8 ispirato al Reggio Emilia Approach, la filosofia educativa di Reggio Emilia secondo cui i diritti dei bambini e un\u2019immagine approfondita del bambino assumono un ruolo centrale. Alla base di essa vi \u00e8 un\u2019immagine umanista dell\u2019individuo e una visione democratica della societ\u00e0. Per noi [&hellip;]","og_url":"https:\/\/girotondo.scolanovabremen.de\/it\/pedagogia\/pedagogia-reggio\/","og_site_name":"Kita Girotondo","article_publisher":"https:\/\/www.facebook.com\/girotondobremen","article_modified_time":"2022-11-10T11:44:06+00:00","twitter_card":"summary_large_image","twitter_misc":{"Est. reading time":"3 minutes"},"schema":{"@context":"https:\/\/schema.org","@graph":[{"@type":"WebPage","@id":"https:\/\/girotondo.scolanovabremen.de\/it\/pedagogia\/pedagogia-reggio\/","url":"https:\/\/girotondo.scolanovabremen.de\/it\/pedagogia\/pedagogia-reggio\/","name":"Reggio Emilia Approach &#8902; Kita Girotondo","isPartOf":{"@id":"https:\/\/girotondo.scolanovabremen.de\/#website"},"datePublished":"2020-02-28T13:21:43+00:00","dateModified":"2022-11-10T11:44:06+00:00","breadcrumb":{"@id":"https:\/\/girotondo.scolanovabremen.de\/it\/pedagogia\/pedagogia-reggio\/#breadcrumb"},"inLanguage":"it-IT","potentialAction":[{"@type":"ReadAction","target":["https:\/\/girotondo.scolanovabremen.de\/it\/pedagogia\/pedagogia-reggio\/"]}]},{"@type":"BreadcrumbList","@id":"https:\/\/girotondo.scolanovabremen.de\/it\/pedagogia\/pedagogia-reggio\/#breadcrumb","itemListElement":[{"@type":"ListItem","position":1,"name":"Startseite","item":"https:\/\/girotondo.scolanovabremen.de\/it\/"},{"@type":"ListItem","position":2,"name":"Pedagogia","item":"https:\/\/girotondo.scolanovabremen.de\/it\/pedagogia\/"},{"@type":"ListItem","position":3,"name":"Reggio Emilia Approach"}]},{"@type":"WebSite","@id":"https:\/\/girotondo.scolanovabremen.de\/#website","url":"https:\/\/girotondo.scolanovabremen.de\/","name":"Kita Girotondo","description":"Eine Kita der ScolaNova","potentialAction":[{"@type":"SearchAction","target":{"@type":"EntryPoint","urlTemplate":"https:\/\/girotondo.scolanovabremen.de\/?s={search_term_string}"},"query-input":{"@type":"PropertyValueSpecification","valueRequired":true,"valueName":"search_term_string"}}],"inLanguage":"it-IT"}]}},"_links":{"self":[{"href":"https:\/\/girotondo.scolanovabremen.de\/it\/wp-json\/wp\/v2\/pages\/379","targetHints":{"allow":["GET"]}}],"collection":[{"href":"https:\/\/girotondo.scolanovabremen.de\/it\/wp-json\/wp\/v2\/pages"}],"about":[{"href":"https:\/\/girotondo.scolanovabremen.de\/it\/wp-json\/wp\/v2\/types\/page"}],"author":[{"embeddable":true,"href":"https:\/\/girotondo.scolanovabremen.de\/it\/wp-json\/wp\/v2\/users\/1"}],"replies":[{"embeddable":true,"href":"https:\/\/girotondo.scolanovabremen.de\/it\/wp-json\/wp\/v2\/comments?post=379"}],"version-history":[{"count":9,"href":"https:\/\/girotondo.scolanovabremen.de\/it\/wp-json\/wp\/v2\/pages\/379\/revisions"}],"predecessor-version":[{"id":890,"href":"https:\/\/girotondo.scolanovabremen.de\/it\/wp-json\/wp\/v2\/pages\/379\/revisions\/890"}],"up":[{"embeddable":true,"href":"https:\/\/girotondo.scolanovabremen.de\/it\/wp-json\/wp\/v2\/pages\/374"}],"wp:attachment":[{"href":"https:\/\/girotondo.scolanovabremen.de\/it\/wp-json\/wp\/v2\/media?parent=379"}],"curies":[{"name":"wp","href":"https:\/\/api.w.org\/{rel}","templated":true}]}}