{"id":383,"date":"2020-02-28T14:23:22","date_gmt":"2020-02-28T13:23:22","guid":{"rendered":"https:\/\/girotondo.scolanovabremen.de\/?page_id=383"},"modified":"2022-11-10T12:44:37","modified_gmt":"2022-11-10T11:44:37","slug":"bilinguismo","status":"publish","type":"page","link":"https:\/\/girotondo.scolanovabremen.de\/it\/pedagogia\/bilinguismo\/","title":{"rendered":"Bilinguismo"},"content":{"rendered":"\n<p>Che il plurilinguismo sovraffatichi i bambini \u00e8 un vecchio pregiudizio. \u00c8 vero il contrario: i bambini che gi\u00e0 da piccolissimi imparano due o pi\u00f9 lingue, sono in seguito avvantaggiati nell\u2019imparare una nuova lingua. Soprattutto nei giovanissimi l\u2019apprendimento di una nuova lingua \u00e8 molto pi\u00f9 facile, poich\u00e9 l\u2019area cerebrale del linguaggio \u00e8 ancora in fase di sviluppo; in tal modo le diverse strutture linguistiche vengono costruite in maniera del tutto naturale. Secondo l\u2019approccio dell\u2019 immersione linguistica, \u00e8 consigliabile che ogni componente della famiglia e delle istituzioni pedagogiche parli costantemente la propria lingua madre. In linea con lo sviluppo naturale, i bambini imparano secondo il principio dell&#8217;imitazione, ovvero liberi da pressioni e in una situazione naturale.<\/p>\n\n\n\n<p>In Germania la quota di scuole per l\u2019infanzia e nidi d\u2019infanzia in cui si pu\u00f2 acquisire una lingua straniera secondo il metodo dell\u2019immersione \u00e8 ancora molto bassa. Nella quotidianit\u00e0 della nostra struttura lavoriamo secondo questo principio e il bilinguismo gioca un ruolo centrale.&nbsp;<\/p>\n\n\n\n<h2 class=\"wp-block-heading\">Un altro nostro principio: \u201cuna persona \u2013 una lingua\u201d&nbsp;<\/h2>\n\n\n\n<p>In ogni gruppo \u00e8 impiegata una persona madrelingua italiana e una madrelingua tedesca. In questo modo l\u2019apprendimento reciproco non \u00e8 artificioso, ma viene integrato nella giornata in maniera naturale. Il bilinguismo fa parte della nostra quotidianit\u00e0, cos\u00ec come il cerchio del mattino e il gioco libero. I bambini scelgono autonomamente in che lingua vogliono parlare. Da parte nostra, entrambe le culture vengono incoraggiate nella stessa misura.<\/p>\n\n\n\n<div style=\"height:20px\" aria-hidden=\"true\" class=\"wp-block-spacer\"><\/div>\n","protected":false},"excerpt":{"rendered":"<p>Che il plurilinguismo sovraffatichi i bambini \u00e8 un vecchio pregiudizio. \u00c8 vero il contrario: i bambini che gi\u00e0 da piccolissimi imparano due o pi\u00f9 lingue, sono in seguito avvantaggiati nell\u2019imparare una nuova lingua. Soprattutto nei giovanissimi l\u2019apprendimento di una nuova lingua \u00e8 molto pi\u00f9 facile, poich\u00e9 l\u2019area cerebrale del linguaggio \u00e8 ancora in fase di [&hellip;]<\/p>\n","protected":false},"author":1,"featured_media":0,"parent":374,"menu_order":3,"comment_status":"closed","ping_status":"closed","template":"","meta":{"_acf_changed":false,"footnotes":""},"class_list":["post-383","page","type-page","status-publish","hentry"],"acf":[],"yoast_head":"<!-- This site is optimized with the Yoast SEO plugin v27.4 - https:\/\/yoast.com\/product\/yoast-seo-wordpress\/ -->\n<title>Bilinguismo &#8902; Kita Girotondo<\/title>\n<meta name=\"robots\" content=\"index, follow, max-snippet:-1, max-image-preview:large, max-video-preview:-1\" \/>\n<link rel=\"canonical\" href=\"https:\/\/girotondo.scolanovabremen.de\/it\/pedagogia\/bilinguismo\/\" \/>\n<meta property=\"og:locale\" content=\"it_IT\" \/>\n<meta property=\"og:type\" content=\"article\" \/>\n<meta property=\"og:title\" content=\"Bilinguismo &#8902; Kita Girotondo\" \/>\n<meta property=\"og:description\" content=\"Che il plurilinguismo sovraffatichi i bambini \u00e8 un vecchio pregiudizio. \u00c8 vero il contrario: i bambini che gi\u00e0 da piccolissimi imparano due o pi\u00f9 lingue, sono in seguito avvantaggiati nell\u2019imparare una nuova lingua. Soprattutto nei giovanissimi l\u2019apprendimento di una nuova lingua \u00e8 molto pi\u00f9 facile, poich\u00e9 l\u2019area cerebrale del linguaggio \u00e8 ancora in fase di [&hellip;]\" \/>\n<meta property=\"og:url\" content=\"https:\/\/girotondo.scolanovabremen.de\/it\/pedagogia\/bilinguismo\/\" \/>\n<meta property=\"og:site_name\" content=\"Kita Girotondo\" \/>\n<meta property=\"article:publisher\" content=\"https:\/\/www.facebook.com\/girotondobremen\" \/>\n<meta property=\"article:modified_time\" content=\"2022-11-10T11:44:37+00:00\" \/>\n<meta name=\"twitter:card\" content=\"summary_large_image\" \/>\n<meta name=\"twitter:label1\" content=\"Est. reading time\" \/>\n\t<meta name=\"twitter:data1\" content=\"2 minutes\" \/>\n<script type=\"application\/ld+json\" class=\"yoast-schema-graph\">{\"@context\":\"https:\\\/\\\/schema.org\",\"@graph\":[{\"@type\":\"WebPage\",\"@id\":\"https:\\\/\\\/girotondo.scolanovabremen.de\\\/it\\\/pedagogia\\\/bilinguismo\\\/\",\"url\":\"https:\\\/\\\/girotondo.scolanovabremen.de\\\/it\\\/pedagogia\\\/bilinguismo\\\/\",\"name\":\"Bilinguismo &#8902; Kita Girotondo\",\"isPartOf\":{\"@id\":\"https:\\\/\\\/girotondo.scolanovabremen.de\\\/#website\"},\"datePublished\":\"2020-02-28T13:23:22+00:00\",\"dateModified\":\"2022-11-10T11:44:37+00:00\",\"breadcrumb\":{\"@id\":\"https:\\\/\\\/girotondo.scolanovabremen.de\\\/it\\\/pedagogia\\\/bilinguismo\\\/#breadcrumb\"},\"inLanguage\":\"it-IT\",\"potentialAction\":[{\"@type\":\"ReadAction\",\"target\":[\"https:\\\/\\\/girotondo.scolanovabremen.de\\\/it\\\/pedagogia\\\/bilinguismo\\\/\"]}]},{\"@type\":\"BreadcrumbList\",\"@id\":\"https:\\\/\\\/girotondo.scolanovabremen.de\\\/it\\\/pedagogia\\\/bilinguismo\\\/#breadcrumb\",\"itemListElement\":[{\"@type\":\"ListItem\",\"position\":1,\"name\":\"Startseite\",\"item\":\"https:\\\/\\\/girotondo.scolanovabremen.de\\\/it\\\/\"},{\"@type\":\"ListItem\",\"position\":2,\"name\":\"Pedagogia\",\"item\":\"https:\\\/\\\/girotondo.scolanovabremen.de\\\/it\\\/pedagogia\\\/\"},{\"@type\":\"ListItem\",\"position\":3,\"name\":\"Bilinguismo\"}]},{\"@type\":\"WebSite\",\"@id\":\"https:\\\/\\\/girotondo.scolanovabremen.de\\\/#website\",\"url\":\"https:\\\/\\\/girotondo.scolanovabremen.de\\\/\",\"name\":\"Kita Girotondo\",\"description\":\"Eine Kita der ScolaNova\",\"potentialAction\":[{\"@type\":\"SearchAction\",\"target\":{\"@type\":\"EntryPoint\",\"urlTemplate\":\"https:\\\/\\\/girotondo.scolanovabremen.de\\\/?s={search_term_string}\"},\"query-input\":{\"@type\":\"PropertyValueSpecification\",\"valueRequired\":true,\"valueName\":\"search_term_string\"}}],\"inLanguage\":\"it-IT\"}]}<\/script>\n<!-- \/ Yoast SEO plugin. -->","yoast_head_json":{"title":"Bilinguismo &#8902; Kita Girotondo","robots":{"index":"index","follow":"follow","max-snippet":"max-snippet:-1","max-image-preview":"max-image-preview:large","max-video-preview":"max-video-preview:-1"},"canonical":"https:\/\/girotondo.scolanovabremen.de\/it\/pedagogia\/bilinguismo\/","og_locale":"it_IT","og_type":"article","og_title":"Bilinguismo &#8902; Kita Girotondo","og_description":"Che il plurilinguismo sovraffatichi i bambini \u00e8 un vecchio pregiudizio. \u00c8 vero il contrario: i bambini che gi\u00e0 da piccolissimi imparano due o pi\u00f9 lingue, sono in seguito avvantaggiati nell\u2019imparare una nuova lingua. Soprattutto nei giovanissimi l\u2019apprendimento di una nuova lingua \u00e8 molto pi\u00f9 facile, poich\u00e9 l\u2019area cerebrale del linguaggio \u00e8 ancora in fase di [&hellip;]","og_url":"https:\/\/girotondo.scolanovabremen.de\/it\/pedagogia\/bilinguismo\/","og_site_name":"Kita Girotondo","article_publisher":"https:\/\/www.facebook.com\/girotondobremen","article_modified_time":"2022-11-10T11:44:37+00:00","twitter_card":"summary_large_image","twitter_misc":{"Est. reading time":"2 minutes"},"schema":{"@context":"https:\/\/schema.org","@graph":[{"@type":"WebPage","@id":"https:\/\/girotondo.scolanovabremen.de\/it\/pedagogia\/bilinguismo\/","url":"https:\/\/girotondo.scolanovabremen.de\/it\/pedagogia\/bilinguismo\/","name":"Bilinguismo &#8902; Kita Girotondo","isPartOf":{"@id":"https:\/\/girotondo.scolanovabremen.de\/#website"},"datePublished":"2020-02-28T13:23:22+00:00","dateModified":"2022-11-10T11:44:37+00:00","breadcrumb":{"@id":"https:\/\/girotondo.scolanovabremen.de\/it\/pedagogia\/bilinguismo\/#breadcrumb"},"inLanguage":"it-IT","potentialAction":[{"@type":"ReadAction","target":["https:\/\/girotondo.scolanovabremen.de\/it\/pedagogia\/bilinguismo\/"]}]},{"@type":"BreadcrumbList","@id":"https:\/\/girotondo.scolanovabremen.de\/it\/pedagogia\/bilinguismo\/#breadcrumb","itemListElement":[{"@type":"ListItem","position":1,"name":"Startseite","item":"https:\/\/girotondo.scolanovabremen.de\/it\/"},{"@type":"ListItem","position":2,"name":"Pedagogia","item":"https:\/\/girotondo.scolanovabremen.de\/it\/pedagogia\/"},{"@type":"ListItem","position":3,"name":"Bilinguismo"}]},{"@type":"WebSite","@id":"https:\/\/girotondo.scolanovabremen.de\/#website","url":"https:\/\/girotondo.scolanovabremen.de\/","name":"Kita Girotondo","description":"Eine Kita der ScolaNova","potentialAction":[{"@type":"SearchAction","target":{"@type":"EntryPoint","urlTemplate":"https:\/\/girotondo.scolanovabremen.de\/?s={search_term_string}"},"query-input":{"@type":"PropertyValueSpecification","valueRequired":true,"valueName":"search_term_string"}}],"inLanguage":"it-IT"}]}},"_links":{"self":[{"href":"https:\/\/girotondo.scolanovabremen.de\/it\/wp-json\/wp\/v2\/pages\/383","targetHints":{"allow":["GET"]}}],"collection":[{"href":"https:\/\/girotondo.scolanovabremen.de\/it\/wp-json\/wp\/v2\/pages"}],"about":[{"href":"https:\/\/girotondo.scolanovabremen.de\/it\/wp-json\/wp\/v2\/types\/page"}],"author":[{"embeddable":true,"href":"https:\/\/girotondo.scolanovabremen.de\/it\/wp-json\/wp\/v2\/users\/1"}],"replies":[{"embeddable":true,"href":"https:\/\/girotondo.scolanovabremen.de\/it\/wp-json\/wp\/v2\/comments?post=383"}],"version-history":[{"count":4,"href":"https:\/\/girotondo.scolanovabremen.de\/it\/wp-json\/wp\/v2\/pages\/383\/revisions"}],"predecessor-version":[{"id":891,"href":"https:\/\/girotondo.scolanovabremen.de\/it\/wp-json\/wp\/v2\/pages\/383\/revisions\/891"}],"up":[{"embeddable":true,"href":"https:\/\/girotondo.scolanovabremen.de\/it\/wp-json\/wp\/v2\/pages\/374"}],"wp:attachment":[{"href":"https:\/\/girotondo.scolanovabremen.de\/it\/wp-json\/wp\/v2\/media?parent=383"}],"curies":[{"name":"wp","href":"https:\/\/api.w.org\/{rel}","templated":true}]}}