{"id":844,"date":"2022-06-14T11:40:57","date_gmt":"2022-06-14T09:40:57","guid":{"rendered":"https:\/\/girotondo.scolanovabremen.de\/?page_id=844"},"modified":"2022-06-14T12:20:41","modified_gmt":"2022-06-14T10:20:41","slug":"oeffnungszeiten","status":"publish","type":"page","link":"https:\/\/girotondo.scolanovabremen.de\/it\/einrichtung\/oeffnungszeiten\/","title":{"rendered":"\u00d6ffnungszeiten"},"content":{"rendered":"\n<p>Wir haben werktags von 08:00 bis 16:00 Uhr ge\u00f6ffnet.<\/p>\n\n\n\n<p>Unsere Schlie\u00dfzeiten beschr\u00e4nken sich auf die Feiertage und die Weihnachtsferien.<\/p>\n\n\n\n<p>Unsere Planungstage werden fr\u00fchzeitig bekannt gegeben.<\/p>\n","protected":false},"excerpt":{"rendered":"<p>Wir haben werktags von 08:00 bis 16:00 Uhr ge\u00f6ffnet. Unsere Schlie\u00dfzeiten beschr\u00e4nken sich auf die Feiertage und die Weihnachtsferien. Unsere Planungstage werden fr\u00fchzeitig bekannt gegeben.<\/p>\n","protected":false},"author":4,"featured_media":0,"parent":5,"menu_order":0,"comment_status":"closed","ping_status":"closed","template":"","meta":{"_acf_changed":false,"footnotes":""},"class_list":["post-844","page","type-page","status-publish","hentry"],"acf":[],"yoast_head":"<!-- This site is optimized with the Yoast SEO plugin v26.7 - https:\/\/yoast.com\/wordpress\/plugins\/seo\/ -->\n<title>\u00d6ffnungszeiten &#8902; Kita Girotondo<\/title>\n<meta name=\"robots\" content=\"index, follow, max-snippet:-1, max-image-preview:large, max-video-preview:-1\" \/>\n<link rel=\"canonical\" href=\"https:\/\/girotondo.scolanovabremen.de\/einrichtung\/oeffnungszeiten\/\" \/>\n<meta property=\"og:locale\" content=\"it_IT\" \/>\n<meta property=\"og:type\" content=\"article\" \/>\n<meta property=\"og:title\" content=\"\u00d6ffnungszeiten &#8902; Kita Girotondo\" \/>\n<meta property=\"og:description\" content=\"Wir haben werktags von 08:00 bis 16:00 Uhr ge\u00f6ffnet. Unsere Schlie\u00dfzeiten beschr\u00e4nken sich auf die Feiertage und die Weihnachtsferien. Unsere Planungstage werden fr\u00fchzeitig bekannt gegeben.\" \/>\n<meta property=\"og:url\" content=\"https:\/\/girotondo.scolanovabremen.de\/einrichtung\/oeffnungszeiten\/\" \/>\n<meta property=\"og:site_name\" content=\"Kita Girotondo\" \/>\n<meta property=\"article:publisher\" content=\"https:\/\/www.facebook.com\/girotondobremen\" \/>\n<meta property=\"article:modified_time\" content=\"2022-06-14T10:20:41+00:00\" \/>\n<meta name=\"twitter:card\" content=\"summary_large_image\" \/>\n<meta name=\"twitter:label1\" content=\"Est. reading time\" \/>\n\t<meta name=\"twitter:data1\" content=\"1 minute\" \/>\n<script type=\"application\/ld+json\" class=\"yoast-schema-graph\">{\"@context\":\"https:\/\/schema.org\",\"@graph\":[{\"@type\":\"WebPage\",\"@id\":\"https:\/\/girotondo.scolanovabremen.de\/einrichtung\/oeffnungszeiten\/\",\"url\":\"https:\/\/girotondo.scolanovabremen.de\/einrichtung\/oeffnungszeiten\/\",\"name\":\"\u00d6ffnungszeiten &#8902; Kita Girotondo\",\"isPartOf\":{\"@id\":\"https:\/\/girotondo.scolanovabremen.de\/#website\"},\"datePublished\":\"2022-06-14T09:40:57+00:00\",\"dateModified\":\"2022-06-14T10:20:41+00:00\",\"breadcrumb\":{\"@id\":\"https:\/\/girotondo.scolanovabremen.de\/einrichtung\/oeffnungszeiten\/#breadcrumb\"},\"inLanguage\":\"it-IT\",\"potentialAction\":[{\"@type\":\"ReadAction\",\"target\":[\"https:\/\/girotondo.scolanovabremen.de\/einrichtung\/oeffnungszeiten\/\"]}]},{\"@type\":\"BreadcrumbList\",\"@id\":\"https:\/\/girotondo.scolanovabremen.de\/einrichtung\/oeffnungszeiten\/#breadcrumb\",\"itemListElement\":[{\"@type\":\"ListItem\",\"position\":1,\"name\":\"Startseite\",\"item\":\"https:\/\/girotondo.scolanovabremen.de\/it\/\"},{\"@type\":\"ListItem\",\"position\":2,\"name\":\"Einrichtung\",\"item\":\"https:\/\/girotondo.scolanovabremen.de\/\"},{\"@type\":\"ListItem\",\"position\":3,\"name\":\"\u00d6ffnungszeiten\"}]},{\"@type\":\"WebSite\",\"@id\":\"https:\/\/girotondo.scolanovabremen.de\/#website\",\"url\":\"https:\/\/girotondo.scolanovabremen.de\/\",\"name\":\"Kita Girotondo\",\"description\":\"Eine Kita der ScolaNova\",\"potentialAction\":[{\"@type\":\"SearchAction\",\"target\":{\"@type\":\"EntryPoint\",\"urlTemplate\":\"https:\/\/girotondo.scolanovabremen.de\/?s={search_term_string}\"},\"query-input\":{\"@type\":\"PropertyValueSpecification\",\"valueRequired\":true,\"valueName\":\"search_term_string\"}}],\"inLanguage\":\"it-IT\"}]}<\/script>\n<!-- \/ Yoast SEO plugin. -->","yoast_head_json":{"title":"\u00d6ffnungszeiten &#8902; Kita Girotondo","robots":{"index":"index","follow":"follow","max-snippet":"max-snippet:-1","max-image-preview":"max-image-preview:large","max-video-preview":"max-video-preview:-1"},"canonical":"https:\/\/girotondo.scolanovabremen.de\/einrichtung\/oeffnungszeiten\/","og_locale":"it_IT","og_type":"article","og_title":"\u00d6ffnungszeiten &#8902; Kita Girotondo","og_description":"Wir haben werktags von 08:00 bis 16:00 Uhr ge\u00f6ffnet. Unsere Schlie\u00dfzeiten beschr\u00e4nken sich auf die Feiertage und die Weihnachtsferien. Unsere Planungstage werden fr\u00fchzeitig bekannt gegeben.","og_url":"https:\/\/girotondo.scolanovabremen.de\/einrichtung\/oeffnungszeiten\/","og_site_name":"Kita Girotondo","article_publisher":"https:\/\/www.facebook.com\/girotondobremen","article_modified_time":"2022-06-14T10:20:41+00:00","twitter_card":"summary_large_image","twitter_misc":{"Est. reading time":"1 minute"},"schema":{"@context":"https:\/\/schema.org","@graph":[{"@type":"WebPage","@id":"https:\/\/girotondo.scolanovabremen.de\/einrichtung\/oeffnungszeiten\/","url":"https:\/\/girotondo.scolanovabremen.de\/einrichtung\/oeffnungszeiten\/","name":"\u00d6ffnungszeiten &#8902; Kita Girotondo","isPartOf":{"@id":"https:\/\/girotondo.scolanovabremen.de\/#website"},"datePublished":"2022-06-14T09:40:57+00:00","dateModified":"2022-06-14T10:20:41+00:00","breadcrumb":{"@id":"https:\/\/girotondo.scolanovabremen.de\/einrichtung\/oeffnungszeiten\/#breadcrumb"},"inLanguage":"it-IT","potentialAction":[{"@type":"ReadAction","target":["https:\/\/girotondo.scolanovabremen.de\/einrichtung\/oeffnungszeiten\/"]}]},{"@type":"BreadcrumbList","@id":"https:\/\/girotondo.scolanovabremen.de\/einrichtung\/oeffnungszeiten\/#breadcrumb","itemListElement":[{"@type":"ListItem","position":1,"name":"Startseite","item":"https:\/\/girotondo.scolanovabremen.de\/it\/"},{"@type":"ListItem","position":2,"name":"Einrichtung","item":"https:\/\/girotondo.scolanovabremen.de\/"},{"@type":"ListItem","position":3,"name":"\u00d6ffnungszeiten"}]},{"@type":"WebSite","@id":"https:\/\/girotondo.scolanovabremen.de\/#website","url":"https:\/\/girotondo.scolanovabremen.de\/","name":"Kita Girotondo","description":"Eine Kita der ScolaNova","potentialAction":[{"@type":"SearchAction","target":{"@type":"EntryPoint","urlTemplate":"https:\/\/girotondo.scolanovabremen.de\/?s={search_term_string}"},"query-input":{"@type":"PropertyValueSpecification","valueRequired":true,"valueName":"search_term_string"}}],"inLanguage":"it-IT"}]}},"_links":{"self":[{"href":"https:\/\/girotondo.scolanovabremen.de\/it\/wp-json\/wp\/v2\/pages\/844","targetHints":{"allow":["GET"]}}],"collection":[{"href":"https:\/\/girotondo.scolanovabremen.de\/it\/wp-json\/wp\/v2\/pages"}],"about":[{"href":"https:\/\/girotondo.scolanovabremen.de\/it\/wp-json\/wp\/v2\/types\/page"}],"author":[{"embeddable":true,"href":"https:\/\/girotondo.scolanovabremen.de\/it\/wp-json\/wp\/v2\/users\/4"}],"replies":[{"embeddable":true,"href":"https:\/\/girotondo.scolanovabremen.de\/it\/wp-json\/wp\/v2\/comments?post=844"}],"version-history":[{"count":9,"href":"https:\/\/girotondo.scolanovabremen.de\/it\/wp-json\/wp\/v2\/pages\/844\/revisions"}],"predecessor-version":[{"id":857,"href":"https:\/\/girotondo.scolanovabremen.de\/it\/wp-json\/wp\/v2\/pages\/844\/revisions\/857"}],"up":[{"embeddable":true,"href":"https:\/\/girotondo.scolanovabremen.de\/it\/wp-json\/wp\/v2\/pages\/5"}],"wp:attachment":[{"href":"https:\/\/girotondo.scolanovabremen.de\/it\/wp-json\/wp\/v2\/media?parent=844"}],"curies":[{"name":"wp","href":"https:\/\/api.w.org\/{rel}","templated":true}]}}